{"id":13,"date":"2017-02-07T15:22:36","date_gmt":"2017-02-07T15:22:36","guid":{"rendered":"http:\/\/themenectar.com\/demo\/salient-startup\/?page_id=13"},"modified":"2024-06-05T16:43:22","modified_gmt":"2024-06-05T16:43:22","slug":"blog","status":"publish","type":"page","link":"https:\/\/pmi.tech\/pt\/blog\/","title":{"rendered":"Blog"},"content":{"rendered":"<div id=\"fws_69ebed4597efa\"  data-column-margin=\"default\" data-midnight=\"dark\"  class=\"wpb_row vc_row-fluid vc_row\"  style=\"padding-top: 0px; padding-bottom: 0px; \"><div class=\"row-bg-wrap\" data-bg-animation=\"none\" data-bg-animation-delay=\"\" data-bg-overlay=\"false\"><div class=\"inner-wrap row-bg-layer\" ><div class=\"row-bg viewport-desktop\"  style=\"\"><\/div><\/div><\/div><div class=\"row_col_wrap_12 col span_12 dark left\">\n\t<div  class=\"vc_col-sm-12 wpb_column column_container vc_column_container col no-extra-padding inherit_tablet inherit_phone\"  data-padding-pos=\"all\" data-has-bg-color=\"false\" data-bg-color=\"\" data-bg-opacity=\"1\" data-animation=\"\" data-delay=\"0\" >\n\t\t<div class=\"vc_column-inner\" >\n\t\t\t<div class=\"wpb_wrapper\">\n\t\t\t\t<div class='nectar-post-grid-wrap text-color-dark spacing-25px' data-el-settings='{\"post_type\":\"post\",\"pagination\":\"load-more\",\"image_size\":\"large\",\"parallax_scrolling\":\"\",\"aspect_ratio_image_size\":\"\",\"category_position\":\"default\",\"category_display\":\"default\",\"display_categories\":\"yes\",\"display_excerpt\":\"yes\",\"excerpt_length\":\"20\",\"display_date\":\"yes\",\"display_estimated_reading_time\":\"0\",\"display_author\":\"0\",\"author_functionality\":\"default\",\"author_position\":\"default\",\"color_overlay\":\"\",\"color_overlay_opacity\":\"\",\"color_overlay_hover_opacity\":\"\",\"card_bg_color\":\"\",\"grid_style\":\"content_under_image\",\"hover_effect\":\"zoom\",\"post_title_overlay\":\"\",\"heading_tag\":\"default\",\"enable_gallery_lightbox\":\"0\",\"category_style\":\"underline\",\"overlay_secondary_project_image\":\"\",\"vertical_list_hover_effect\":\"none\",\"vertical_list_read_more\":\"\",\"read_more_button\":\"0\",\"animation\":\"none\"}' data-style='content_under_image' data-query='{\"post_type\":\"post\",\"posts_per_page\":\"6\",\"order\":\"DESC\",\"orderby\":\"date\",\"offset\":\"0\",\"cpt_name\":\"post\",\"custom_query_tax\":\"\",\"ignore_sticky_posts\":\"\"}' data-load-more-color='black' data-load-more-text='Load More'><div class=\"nectar-post-grid-filters\" data-active-color=\"default\" data-align=\"default\" data-animation=\"none\" data-sortable=\"\"><h4>Filter<\/h4><div><a href=\"#\" class=\"active all-filter\" data-total-count=\"14\" data-filter=\"-1\">All<\/a><a href=\"#\" data-filter=\"blog\" data-total-count=\"8\">Blog<\/a><a href=\"#\" data-filter=\"noticias\" data-total-count=\"6\">Not\u00edcias<\/a><\/div><\/div><div class=\"nectar-post-grid category-position-before-title\" data-indicator=\"yes\" data-indicator-style=\"default\" data-indicator-text-color=\"#fff\" data-indicator-color=\"#000000\" data-indicator-text=\"View\" data-masonry=\"yes\" data-columns=\"4\" data-hover-effect=\"zoom\" data-text-style=\"default\" data-border-radius=\"5px\" data-grid-item-height=\"30vh\" data-grid-spacing=\"25px\" data-text-layout=\"top_left\" data-text-color=\"dark\" data-text-hover-color=\"dark\" data-shadow-hover=\"\" data-animation=\"none\" data-animation-stagger=\"90\" data-cat-click=\"default\"  data-lock-aspect=\"\"  data-text-align=\"left\" data-card=\"\" style=\"--post-grid-border-radius:5px;\" ><div class=\"nectar-post-grid-item\" data-post-id=\"7248\" data-has-img=\"false\"> <div class=\"inner\"><div class=\"nectar-post-grid-item-bg-wrap\"><div class=\"nectar-post-grid-item-bg-wrap-inner\"><a class=\"bg-wrap-link\" aria-label=\"Anunciamos a incorpora\u00e7\u00e3o de Gricha Raether como CRO M\u00e9xico\" href=\"https:\/\/pmi.tech\/pt\/anunciamos-la-incorporacion-de-gricha-raether-como-cro-mexico\/\"><\/a><div class=\"nectar-post-grid-item-bg\"><\/div><\/div><\/div><div class=\"content\"><a class=\"nectar-post-grid-link\" href=\"https:\/\/pmi.tech\/pt\/anunciamos-la-incorporacion-de-gricha-raether-como-cro-mexico\/\" aria-label=\"Anunciamos a incorpora\u00e7\u00e3o de Gricha Raether como CRO M\u00e9xico\"><\/a><span class=\"meta-category\"><a class=\"blog style-underline\" href=\"https:\/\/pmi.tech\/pt\/category\/blog\/\">Blog<\/a><\/span><div class=\"item-main\"><h3 class=\"post-heading\"><a href=\"https:\/\/pmi.tech\/pt\/anunciamos-la-incorporacion-de-gricha-raether-como-cro-mexico\/\"><span>Anunciamos a incorpora\u00e7\u00e3o de Gricha Raether como CRO M\u00e9xico<\/span><\/a><\/h3><div class=\"nectar-post-grid-item__excerpt-wrap item-meta-extra\"><span class=\"meta-excerpt\">En PMI nos complace anunciar la incorporaci\u00f3n de Gricha Raether como nuevo Chief Revenue Officer&hellip;<\/span><\/div><span class=\"nectar-post-grid-item__meta-wrap\"><span class=\"meta-date\">22 de abril de 2026<\/span><\/span><\/div><\/div><\/div><\/div><div class=\"nectar-post-grid-item\" data-post-id=\"7227\" data-has-img=\"false\"> <div class=\"inner\"><div class=\"nectar-post-grid-item-bg-wrap\"><div class=\"nectar-post-grid-item-bg-wrap-inner\"><a class=\"bg-wrap-link\" aria-label=\"Fortalecendo nossa vis\u00e3o financeira: Bem-vindo Marco Villagran \u00e0 PMI\" href=\"https:\/\/pmi.tech\/pt\/fortaleciendo-nuestra-vision-financiera-bienvenido-marco-villagran-a-pmi\/\"><\/a><div class=\"nectar-post-grid-item-bg\"><\/div><\/div><\/div><div class=\"content\"><a class=\"nectar-post-grid-link\" href=\"https:\/\/pmi.tech\/pt\/fortaleciendo-nuestra-vision-financiera-bienvenido-marco-villagran-a-pmi\/\" aria-label=\"Fortalecendo nossa vis\u00e3o financeira: Bem-vindo Marco Villagran \u00e0 PMI\"><\/a><span class=\"meta-category\"><a class=\"blog style-underline\" href=\"https:\/\/pmi.tech\/pt\/category\/blog\/\">Blog<\/a><\/span><div class=\"item-main\"><h3 class=\"post-heading\"><a href=\"https:\/\/pmi.tech\/pt\/fortaleciendo-nuestra-vision-financiera-bienvenido-marco-villagran-a-pmi\/\"><span>Fortalecendo nossa vis\u00e3o financeira: Bem-vindo Marco Villagran \u00e0 PMI<\/span><\/a><\/h3><div class=\"nectar-post-grid-item__excerpt-wrap item-meta-extra\"><span class=\"meta-excerpt\">En un entorno global cada vez m\u00e1s exigente, la capacidad de analizar datos y mantener&hellip;<\/span><\/div><span class=\"nectar-post-grid-item__meta-wrap\"><span class=\"meta-date\">16 de fevereiro de 2026<\/span><\/span><\/div><\/div><\/div><\/div><div class=\"nectar-post-grid-item\" data-post-id=\"7220\" data-has-img=\"false\"> <div class=\"inner\"><div class=\"nectar-post-grid-item-bg-wrap\"><div class=\"nectar-post-grid-item-bg-wrap-inner\"><a class=\"bg-wrap-link\" aria-label=\"A PMI d\u00e1 as boas-vindas a Jimena Gonzalez Viruega como nova Diretora Comercial Global\" href=\"https:\/\/pmi.tech\/pt\/pmi-da-la-bienvenida-a-jimena-gonzalez-viruega-como-nueva-directora-comercial-global\/\"><\/a><div class=\"nectar-post-grid-item-bg\"><\/div><\/div><\/div><div class=\"content\"><a class=\"nectar-post-grid-link\" href=\"https:\/\/pmi.tech\/pt\/pmi-da-la-bienvenida-a-jimena-gonzalez-viruega-como-nueva-directora-comercial-global\/\" aria-label=\"A PMI d\u00e1 as boas-vindas a Jimena Gonzalez Viruega como nova Diretora Comercial Global\"><\/a><span class=\"meta-category\"><a class=\"blog style-underline\" href=\"https:\/\/pmi.tech\/pt\/category\/blog\/\">Blog<\/a><\/span><div class=\"item-main\"><h3 class=\"post-heading\"><a href=\"https:\/\/pmi.tech\/pt\/pmi-da-la-bienvenida-a-jimena-gonzalez-viruega-como-nueva-directora-comercial-global\/\"><span>A PMI d\u00e1 as boas-vindas a Jimena Gonzalez Viruega como nova Diretora Comercial Global<\/span><\/a><\/h3><div class=\"nectar-post-grid-item__excerpt-wrap item-meta-extra\"><span class=\"meta-excerpt\">A PMI Global tem o prazer de anunciar a nomea\u00e7\u00e3o de Jimena Gonzalez Viruega como Diretora Comercial...<\/span><\/div><span class=\"nectar-post-grid-item__meta-wrap\"><span class=\"meta-date\">18 de novembro de 2025<\/span><\/span><\/div><\/div><\/div><\/div><div class=\"nectar-post-grid-item\" data-post-id=\"7217\" data-has-img=\"false\"> <div class=\"inner\"><div class=\"nectar-post-grid-item-bg-wrap\"><div class=\"nectar-post-grid-item-bg-wrap-inner\"><a class=\"bg-wrap-link\" aria-label=\"Weverly Cruz ingressou no AXXI Pay para liderar a \u00e1rea de Opera\u00e7\u00f5es.\" href=\"https:\/\/pmi.tech\/pt\/weverly-cruz-se-une-a-axxi-pay-para-liderar-el-area-de-operaciones\/\"><\/a><div class=\"nectar-post-grid-item-bg\"><\/div><\/div><\/div><div class=\"content\"><a class=\"nectar-post-grid-link\" href=\"https:\/\/pmi.tech\/pt\/weverly-cruz-se-une-a-axxi-pay-para-liderar-el-area-de-operaciones\/\" aria-label=\"Weverly Cruz ingressou no AXXI Pay para liderar a \u00e1rea de Opera\u00e7\u00f5es.\"><\/a><span class=\"meta-category\"><a class=\"blog style-underline\" href=\"https:\/\/pmi.tech\/pt\/category\/blog\/\">Blog<\/a><\/span><div class=\"item-main\"><h3 class=\"post-heading\"><a href=\"https:\/\/pmi.tech\/pt\/weverly-cruz-se-une-a-axxi-pay-para-liderar-el-area-de-operaciones\/\"><span>Weverly Cruz ingressou no AXXI Pay para liderar a \u00e1rea de Opera\u00e7\u00f5es.<\/span><\/a><\/h3><div class=\"nectar-post-grid-item__excerpt-wrap item-meta-extra\"><span class=\"meta-excerpt\">No AXXI Pay, continuamos a fortalecer nossa equipe com o talento de profissionais que compartilham de nossa...<\/span><\/div><span class=\"nectar-post-grid-item__meta-wrap\"><span class=\"meta-date\">novembro 3, 2025<\/span><\/span><\/div><\/div><\/div><\/div><div class=\"nectar-post-grid-item\" data-post-id=\"7212\" data-has-img=\"false\"> <div class=\"inner\"><div class=\"nectar-post-grid-item-bg-wrap\"><div class=\"nectar-post-grid-item-bg-wrap-inner\"><a class=\"bg-wrap-link\" aria-label=\"PMI fortalece a lideran\u00e7a global com a adi\u00e7\u00e3o de Alejandra Restrepo como Gerente de Novos Neg\u00f3cios\" href=\"https:\/\/pmi.tech\/pt\/pmi-fortalece-su-liderazgo-global-con-la-incorporacion-de-alejandra-restrepo-como-gerente-de-nuevos-negocios\/\"><\/a><div class=\"nectar-post-grid-item-bg\"><\/div><\/div><\/div><div class=\"content\"><a class=\"nectar-post-grid-link\" href=\"https:\/\/pmi.tech\/pt\/pmi-fortalece-su-liderazgo-global-con-la-incorporacion-de-alejandra-restrepo-como-gerente-de-nuevos-negocios\/\" aria-label=\"PMI fortalece a lideran\u00e7a global com a adi\u00e7\u00e3o de Alejandra Restrepo como Gerente de Novos Neg\u00f3cios\"><\/a><span class=\"meta-category\"><a class=\"blog style-underline\" href=\"https:\/\/pmi.tech\/pt\/category\/blog\/\">Blog<\/a><\/span><div class=\"item-main\"><h3 class=\"post-heading\"><a href=\"https:\/\/pmi.tech\/pt\/pmi-fortalece-su-liderazgo-global-con-la-incorporacion-de-alejandra-restrepo-como-gerente-de-nuevos-negocios\/\"><span>PMI fortalece a lideran\u00e7a global com a adi\u00e7\u00e3o de Alejandra Restrepo como Gerente de Novos Neg\u00f3cios<\/span><\/a><\/h3><div class=\"nectar-post-grid-item__excerpt-wrap item-meta-extra\"><span class=\"meta-excerpt\">Em um ambiente financeiro em constante evolu\u00e7\u00e3o, onde a tecnologia est\u00e1 redefinindo a forma como fazemos neg\u00f3cios,...<\/span><\/div><span class=\"nectar-post-grid-item__meta-wrap\"><span class=\"meta-date\">outubro 13, 2025<\/span><\/span><\/div><\/div><\/div><\/div><div class=\"nectar-post-grid-item\" data-post-id=\"7204\" data-has-img=\"true\"> <div class=\"inner\"><div class=\"nectar-post-grid-item-bg-wrap\"><div class=\"nectar-post-grid-item-bg-wrap-inner\"><a class=\"bg-wrap-link\" aria-label=\"PMI Americas + Ripple: desbloqueando o potencial global do Chile\" href=\"https:\/\/pmi.tech\/pt\/pmi-americas-ripple-desbloqueando-el-potencial-global-de-chile\/\"><\/a><div class=\"nectar-post-grid-item-bg\"><img loading=\"lazy\" decoding=\"async\" width=\"1024\" height=\"576\" src=\"https:\/\/pmi.tech\/wp-content\/uploads\/2025\/07\/marek-piwnicki-wgsu3WzFZ5c-unsplash-1024x576.jpg\" class=\"attachment-large size-large wp-post-image\" alt=\"\" srcset=\"https:\/\/pmi.tech\/wp-content\/uploads\/2025\/07\/marek-piwnicki-wgsu3WzFZ5c-unsplash-1024x576.jpg 1024w, https:\/\/pmi.tech\/wp-content\/uploads\/2025\/07\/marek-piwnicki-wgsu3WzFZ5c-unsplash-300x169.jpg 300w, https:\/\/pmi.tech\/wp-content\/uploads\/2025\/07\/marek-piwnicki-wgsu3WzFZ5c-unsplash-768x432.jpg 768w, https:\/\/pmi.tech\/wp-content\/uploads\/2025\/07\/marek-piwnicki-wgsu3WzFZ5c-unsplash-1536x864.jpg 1536w, https:\/\/pmi.tech\/wp-content\/uploads\/2025\/07\/marek-piwnicki-wgsu3WzFZ5c-unsplash-2048x1152.jpg 2048w, https:\/\/pmi.tech\/wp-content\/uploads\/2025\/07\/marek-piwnicki-wgsu3WzFZ5c-unsplash-18x10.jpg 18w\" sizes=\"(max-width: 1024px) 100vw, 1024px\" \/><\/div><\/div><\/div><div class=\"content\"><a class=\"nectar-post-grid-link\" href=\"https:\/\/pmi.tech\/pt\/pmi-americas-ripple-desbloqueando-el-potencial-global-de-chile\/\" aria-label=\"PMI Americas + Ripple: desbloqueando o potencial global do Chile\"><\/a><span class=\"meta-category\"><a class=\"blog style-underline\" href=\"https:\/\/pmi.tech\/pt\/category\/blog\/\">Blog<\/a><\/span><div class=\"item-main\"><h3 class=\"post-heading\"><a href=\"https:\/\/pmi.tech\/pt\/pmi-americas-ripple-desbloqueando-el-potencial-global-de-chile\/\"><span>PMI Americas + Ripple: desbloqueando o potencial global do Chile<\/span><\/a><\/h3><div class=\"nectar-post-grid-item__excerpt-wrap item-meta-extra\"><span class=\"meta-excerpt\">Temos o prazer de anunciar um novo marco em nossa expans\u00e3o na Am\u00e9rica Latina: o PMI Americas, em...<\/span><\/div><span class=\"nectar-post-grid-item__meta-wrap\"><span class=\"meta-date\">julho 14, 2025<\/span><\/span><\/div><\/div><\/div><\/div><\/div><\/div>\n\t\t\t<\/div> \n\t\t<\/div>\n\t<\/div> \n<\/div><\/div>","protected":false},"excerpt":{"rendered":"Temos o prazer de anunciar um novo marco em nossa expans\u00e3o na Am\u00e9rica Latina: o PMI Americas, em...","protected":false},"author":1,"featured_media":0,"parent":0,"menu_order":0,"comment_status":"closed","ping_status":"closed","template":"","meta":{"footnotes":""},"class_list":["post-13","page","type-page","status-publish"],"_links":{"self":[{"href":"https:\/\/pmi.tech\/pt\/wp-json\/wp\/v2\/pages\/13"}],"collection":[{"href":"https:\/\/pmi.tech\/pt\/wp-json\/wp\/v2\/pages"}],"about":[{"href":"https:\/\/pmi.tech\/pt\/wp-json\/wp\/v2\/types\/page"}],"author":[{"embeddable":true,"href":"https:\/\/pmi.tech\/pt\/wp-json\/wp\/v2\/users\/1"}],"replies":[{"embeddable":true,"href":"https:\/\/pmi.tech\/pt\/wp-json\/wp\/v2\/comments?post=13"}],"version-history":[{"count":4,"href":"https:\/\/pmi.tech\/pt\/wp-json\/wp\/v2\/pages\/13\/revisions"}],"predecessor-version":[{"id":6814,"href":"https:\/\/pmi.tech\/pt\/wp-json\/wp\/v2\/pages\/13\/revisions\/6814"}],"wp:attachment":[{"href":"https:\/\/pmi.tech\/pt\/wp-json\/wp\/v2\/media?parent=13"}],"curies":[{"name":"wp","href":"https:\/\/api.w.org\/{rel}","templated":true}]}}