{"id":2,"date":"2017-02-07T15:01:58","date_gmt":"2017-02-07T15:01:58","guid":{"rendered":"http:\/\/themenectar.com\/demo\/salient-startup\/?page_id=2"},"modified":"2017-02-07T15:01:58","modified_gmt":"2017-02-07T15:01:58","slug":"sample-page","status":"publish","type":"page","link":"https:\/\/pmi.tech\/pt\/sample-page\/","title":{"rendered":"P\u00e1gina de amostra"},"content":{"rendered":"<p>Esta \u00e9 uma p\u00e1gina de exemplo. \u00c9 diferente de uma postagem de blog porque ficar\u00e1 em um \u00fanico lugar e aparecer\u00e1 na navega\u00e7\u00e3o do seu site (na maioria dos temas). A maioria das pessoas come\u00e7a com uma p\u00e1gina Sobre que as apresenta aos poss\u00edveis visitantes do site. Ela pode dizer algo assim:<\/p>\n<blockquote><p>Ol\u00e1! Sou um mensageiro de bicicleta durante o dia, aspirante a ator \u00e0 noite e este \u00e9 o meu site. Moro em Los Angeles, tenho um \u00f3timo cachorro chamado Jack e gosto de pi\u00f1a coladas (e de ser pego pela chuva).<\/p><\/blockquote>\n<p>...ou algo assim:<\/p>\n<blockquote><p>A XYZ Doohickey Company foi fundada em 1971 e, desde ent\u00e3o, vem fornecendo doohickeys de qualidade ao p\u00fablico. Localizada em Gotham City, a XYZ emprega mais de 2.000 pessoas e faz todo tipo de coisas incr\u00edveis para a comunidade de Gotham.<\/p><\/blockquote>\n<p>Como um novo usu\u00e1rio do WordPress, voc\u00ea deve ir para <a href=\"http:\/\/themenectar.com\/demo\/salient-startup\/wp-admin\/\">Seu painel de controle<\/a> para excluir esta p\u00e1gina e criar novas p\u00e1ginas para seu conte\u00fado. Divirta-se!<\/p>","protected":false},"excerpt":{"rendered":"<p>Esta \u00e9 uma p\u00e1gina de exemplo. \u00c9 diferente de uma postagem de blog porque ela permanecer\u00e1...<\/p>","protected":false},"author":1,"featured_media":0,"parent":0,"menu_order":0,"comment_status":"closed","ping_status":"open","template":"","meta":{"footnotes":""},"class_list":["post-2","page","type-page","status-publish"],"_links":{"self":[{"href":"https:\/\/pmi.tech\/pt\/wp-json\/wp\/v2\/pages\/2"}],"collection":[{"href":"https:\/\/pmi.tech\/pt\/wp-json\/wp\/v2\/pages"}],"about":[{"href":"https:\/\/pmi.tech\/pt\/wp-json\/wp\/v2\/types\/page"}],"author":[{"embeddable":true,"href":"https:\/\/pmi.tech\/pt\/wp-json\/wp\/v2\/users\/1"}],"replies":[{"embeddable":true,"href":"https:\/\/pmi.tech\/pt\/wp-json\/wp\/v2\/comments?post=2"}],"version-history":[{"count":0,"href":"https:\/\/pmi.tech\/pt\/wp-json\/wp\/v2\/pages\/2\/revisions"}],"wp:attachment":[{"href":"https:\/\/pmi.tech\/pt\/wp-json\/wp\/v2\/media?parent=2"}],"curies":[{"name":"wp","href":"https:\/\/api.w.org\/{rel}","templated":true}]}}