{"id":6834,"date":"2024-05-30T19:57:59","date_gmt":"2024-05-30T19:57:59","guid":{"rendered":"https:\/\/pmi.tech\/?page_id=6834"},"modified":"2025-04-14T18:25:38","modified_gmt":"2025-04-14T18:25:38","slug":"inmigracion-al-dia","status":"publish","type":"page","link":"https:\/\/pmi.tech\/pt\/inmigracion-al-dia\/","title":{"rendered":"Atualiza\u00e7\u00e3o sobre imigra\u00e7\u00e3o"},"content":{"rendered":"<div id=\"fws_69eba7dd835d1\"  data-column-margin=\"default\" data-midnight=\"light\" data-top-percent=\"13%\" data-bottom-percent=\"13%\"  class=\"wpb_row vc_row-fluid vc_row full-width-section parallax_section\"  style=\"padding-top: calc(100vw * 0.13); padding-bottom: calc(100vw * 0.13); \"><div class=\"row-bg-wrap\" data-bg-animation=\"none\" data-bg-animation-delay=\"\" data-bg-overlay=\"true\"><div class=\"inner-wrap row-bg-layer using-image\" ><div class=\"row-bg viewport-desktop using-image using-bg-color\" data-parallax-speed=\"fast\" style=\"background-image: url(https:\/\/pmi.tech\/wp-content\/uploads\/2024\/06\/pmi-casos-de-exito-banner.jpg); background-position: left top; background-repeat: no-repeat; background-color: #ffffff; \"><\/div><\/div><div class=\"row-bg-overlay row-bg-layer\" style=\"background: #0a0a0a; background: linear-gradient(to bottom,#0a0a0a 0%,#002864 100%);  opacity: 0.5; \"><\/div><\/div>\n\t\t\t<div class=\"video-color-overlay row-bg-layer\" data-color=\"\"><\/div>\n\t\t\t\n\t\t\t<div class=\"nectar-video-wrap row-bg-layer\" data-bg-alignment=\"left top\">\n\t\t\t\t<div class=\"nectar-video-inner\">\n\t\t\t\t<video class=\"nectar-video-bg\" width=\"1800\" height=\"700\" preload=\"auto\" loop autoplay muted playsinline><\/video>    \t\t<\/div>\n\t\t\t <\/div>\n\n\t\t\t<div class=\"nectar-shape-divider-wrap\" style=\" height:200px;\"  data-height=\"200\" data-front=\"\" data-style=\"tilt_alt\" data-position=\"bottom\" ><svg class=\"nectar-shape-divider\" aria-hidden=\"true\" fill=\"#ffffff\" xmlns=\"http:\/\/www.w3.org\/2000\/svg\" viewbox=\"0 0 100 10\" preserveaspectratio=\"none\"> <polygon points=\"100 10 100 0 -4 10\"><\/polygon> <\/svg><\/div><div class=\"row_col_wrap_12 col span_12 light left\">\n\t<div style=\"margin-top: 27px; \" class=\"vc_col-sm-6 wpb_column column_container vc_column_container col no-extra-padding inherit_tablet inherit_phone\"  data-padding-pos=\"all\" data-has-bg-color=\"false\" data-bg-color=\"\" data-bg-opacity=\"1\" data-animation=\"\" data-delay=\"0\" >\n\t\t<div class=\"vc_column-inner\" >\n\t\t\t<div class=\"wpb_wrapper\">\n\t\t\t\t<div class=\"nectar-split-heading\" data-align=\"default\" data-m-align=\"inherit\" data-text-effect=\"default\" data-animation-type=\"default\" data-animation-delay=\"0\" data-animation-offset=\"\" data-m-rm-animation=\"\" data-stagger=\"\" data-custom-font-size=\"false\" data-has-fit-text=\"true\" ><div class=\"heading-line\" > <div><h3>Sobre a empresa<\/h3> <\/div> <\/div><div class=\"heading-line\" > <div><p>O IAD \u00e9 uma empresa que oferece assessoria jur\u00eddica voltada para a comunidade latina nos Estados Unidos, conta atualmente com 160 paralegais e j\u00e1 apoiou mais de 18.000 fam\u00edlias latinas que buscam trabalhar e se estabelecer nos Estados Unidos.<\/p> <\/div> <\/div><div class=\"heading-line\" > <div><p>&nbsp;<\/p> <\/div> <\/div><div class=\"heading-line\" > <div><p>Com a nossa solu\u00e7\u00e3o, o IAD digitalizou a cobran\u00e7a de seus servi\u00e7os de migra\u00e7\u00e3o. O resultado? Um processo mais eficiente, seguro e com maior visibilidade para a equipe e os clientes. <\/div> <\/div><\/div><a class=\"nectar-button large regular accent-color  regular-button\"  role=\"button\" style=\"\"  href=\"https:\/\/pmi.tech\/pt\/soporte\/\" data-color-override=\"false\" data-hover-color-override=\"false\" data-hover-text-color-override=\"#fff\"><span>Entre em contato conosco em<\/span><\/a><div id=\"fws_69eba7dd843ef\" data-midnight=\"\" data-column-margin=\"default\" class=\"wpb_row vc_row-fluid vc_row inner_row\"  style=\"\"><div class=\"row-bg-wrap\"> <div class=\"row-bg\" ><\/div> <\/div><div class=\"row_col_wrap_12_inner col span_12  left\">\n\t<div  class=\"vc_col-sm-10 wpb_column column_container vc_column_container col child_column has-animation no-extra-padding inherit_tablet inherit_phone\"   data-padding-pos=\"all\" data-has-bg-color=\"false\" data-bg-color=\"\" data-bg-opacity=\"1\" data-animation=\"fade-in-from-bottom\" data-delay=\"300\" >\n\t\t<div class=\"vc_column-inner\" >\n\t\t<div class=\"wpb_wrapper\">\n\t\t\t\n\t\t<\/div> \n\t<\/div>\n\t<\/div> \n\n\t<div  class=\"vc_col-sm-2 wpb_column column_container vc_column_container col child_column no-extra-padding inherit_tablet inherit_phone\"   data-padding-pos=\"all\" data-has-bg-color=\"false\" data-bg-color=\"\" data-bg-opacity=\"1\" data-animation=\"\" data-delay=\"0\" >\n\t\t<div class=\"vc_column-inner\" >\n\t\t<div class=\"wpb_wrapper\">\n\t\t\t\n\t\t<\/div> \n\t<\/div>\n\t<\/div> \n<\/div><\/div>\n\t\t\t<\/div> \n\t\t<\/div>\n\t<\/div> \n\n\t<div  class=\"vc_col-sm-6 wpb_column column_container vc_column_container col no-extra-padding inherit_tablet inherit_phone\"  data-padding-pos=\"all\" data-has-bg-color=\"false\" data-bg-color=\"\" data-bg-opacity=\"1\" data-animation=\"\" data-delay=\"0\" >\n\t\t<div class=\"vc_column-inner\" >\n\t\t\t<div class=\"wpb_wrapper\">\n\t\t\t\t\n\t\t\t<\/div> \n\t\t<\/div>\n\t<\/div> \n<\/div><\/div>\n\t\t<div id=\"fws_69eba7dd85464\"  data-column-margin=\"default\" data-midnight=\"dark\" data-top-percent=\"4%\"  class=\"wpb_row vc_row-fluid vc_row full-width-section\"  style=\"padding-top: calc(100vw * 0.04); padding-bottom: 3px; \"><div class=\"row-bg-wrap\" data-bg-animation=\"none\" data-bg-animation-delay=\"\" data-bg-overlay=\"false\"><div class=\"inner-wrap row-bg-layer\" ><div class=\"row-bg viewport-desktop using-bg-color\"  style=\"background-color: #ffffff; \"><\/div><\/div><\/div><div class=\"row_col_wrap_12 col span_12 dark left\">\n\t<div  class=\"vc_col-sm-7 vc_col-xs-6 wpb_column column_container vc_column_container col nectar-sticky-column no-extra-padding inherit_tablet inherit_phone\"  data-padding-pos=\"all\" data-has-bg-color=\"false\" data-bg-color=\"\" data-bg-opacity=\"1\" data-animation=\"\" data-delay=\"0\" >\n\t\t<div class=\"vc_column-inner\" >\n\t\t\t<div class=\"wpb_wrapper\">\n\t\t\t\t\n<div class=\"wpb_text_column wpb_content_element\" >\n\t<div class=\"wpb_wrapper\">\n\t\t<h3>Desafios iniciais do setor e da DAI<\/h3>\n\t<\/div>\n<\/div>\n\n\n\n\n<div class=\"wpb_text_column wpb_content_element  vc_custom_1744654123828\" >\n\t<div class=\"wpb_wrapper\">\n\t\t<p>Nosso cliente, uma empresa bem-sucedida que atende \u00e0 comunidade hisp\u00e2nica dos EUA, queria reorganizar e, sempre que poss\u00edvel, digitalizar seu sistema de faturamento e cobran\u00e7a e estabelecer um controle eficaz para monitorar e controlar os pagamentos, al\u00e9m de expandir as op\u00e7\u00f5es de pagamento para sua grande e diversificada clientela.<\/p>\n\t<\/div>\n<\/div>\n\n\n\n<div class=\"divider-wrap\" data-alignment=\"default\"><div style=\"height: 50px;\" class=\"divider\"><\/div><\/div>\n<div class=\"wpb_text_column wpb_content_element\" >\n\t<div class=\"wpb_wrapper\">\n\t\t<h3><strong>Resultados comprovados em 2024: <\/strong><\/h3>\n\t<\/div>\n<\/div>\n\n\n\n\n<div class=\"wpb_text_column wpb_content_element  vc_custom_1744653973575\" >\n\t<div class=\"wpb_wrapper\">\n\t\t<p class=\"\" data-start=\"1822\" data-end=\"1903\">Em 2024, gra\u00e7as \u00e0 nossa solu\u00e7\u00e3o:<\/p>\n<ul data-start=\"1904\" data-end=\"2069\">\n<li class=\"\" data-start=\"1904\" data-end=\"1983\">\n<p class=\"\" data-start=\"1906\" data-end=\"1983\">Foram emitidos os seguintes documentos <strong data-start=\"1919\" data-end=\"1938\">18.874 faturas<\/strong> para um valor total de <strong data-start=\"1961\" data-end=\"1981\">US$ 108 milh\u00f5es<\/strong><\/p>\n<\/li>\n<li class=\"\" data-start=\"1984\" data-end=\"2069\">\n<p class=\"\" data-start=\"1986\" data-end=\"2069\">Foram cobrados os seguintes valores <strong data-start=\"1998\" data-end=\"2019\">USD 36.545.525,33<\/strong> atrav\u00e9s de <strong data-start=\"2032\" data-end=\"2069\">dinheiro, cart\u00e3o e transfer\u00eancia<\/strong><\/p>\n<\/li>\n<\/ul>\n<p>.<\/p>\n\t<\/div>\n<\/div>\n\n\n\n<div class=\"divider-wrap\" data-alignment=\"default\"><div style=\"height: 50px;\" class=\"divider\"><\/div><\/div>\n<div class=\"wpb_text_column wpb_content_element\" >\n\t<div class=\"wpb_wrapper\">\n\t\t<h3><strong>Em resumo, a solu\u00e7\u00e3o da PMI ajudou o IAD a: <\/strong><\/h3>\n\t<\/div>\n<\/div>\n\n\n\n\n<div class=\"wpb_text_column wpb_content_element  vc_custom_1717771627150\" >\n\t<div class=\"wpb_wrapper\">\n\t\t<ul>\n<li>Digitalizar e reorganizar seu sistema de faturamento e cobran\u00e7a.<\/li>\n<li>Diversificar os m\u00e9todos de pagamento que oferecem a seus clientes: cart\u00f5es, transfer\u00eancias banc\u00e1rias, carteiras digitais e pagamentos em dinheiro por meio de redes de farm\u00e1cias, supermercados e lojas de conveni\u00eancia.<\/li>\n<li>Cria\u00e7\u00e3o de planos de pagamento personalizados e sua inclus\u00e3o autom\u00e1tica nas faturas.<\/li>\n<li>Automatize, monitore e controle todos os seus processos financeiros.<\/li>\n<li>Melhorar a sincroniza\u00e7\u00e3o entre o portf\u00f3lio e as \u00e1reas de vendas.<\/li>\n<li>Simplifique e melhore a experi\u00eancia de seus clientes.<\/li>\n<\/ul>\n\t<\/div>\n<\/div>\n\n\n\n\n\t\t\t<\/div> \n\t\t<\/div>\n\t<\/div> \n\n\t<div  class=\"vc_col-sm-2 vc_col-xs-6 wpb_column column_container vc_column_container col no-extra-padding inherit_tablet inherit_phone\"  data-padding-pos=\"all\" data-has-bg-color=\"false\" data-bg-color=\"\" data-bg-opacity=\"1\" data-animation=\"\" data-delay=\"0\" >\n\t\t<div class=\"vc_column-inner\" >\n\t\t\t<div class=\"wpb_wrapper\">\n\t\t\t\t\n\t\t\t<\/div> \n\t\t<\/div>\n\t<\/div> \n\n\t<div  class=\"vc_col-sm-3 wpb_column column_container vc_column_container col nectar-sticky-column no-extra-padding inherit_tablet inherit_phone\"  data-padding-pos=\"all\" data-has-bg-color=\"false\" data-bg-color=\"\" data-bg-opacity=\"1\" data-animation=\"\" data-delay=\"0\" >\n\t\t<div class=\"vc_column-inner\" >\n\t\t\t<div class=\"wpb_wrapper\">\n\t\t\t\t\n<div class=\"wpb_text_column wpb_content_element  vc_custom_1717771215868\" >\n\t<div class=\"wpb_wrapper\">\n\t\t<h3>Solu\u00e7\u00f5es utilizadas<\/h3>\n\t<\/div>\n<\/div>\n\n\n\n<div class=\"nectar-fancy-ul\" data-list-icon=\"none\" data-animation=\"false\" data-animation-delay=\"0\" data-color=\"accent-color\" data-spacing=\"default\" data-alignment=\"left\"> \n<ul>\n<li><a href=\"https:\/\/pmi.tech\/pt\/cross-border-payments\/\"><img loading=\"lazy\" decoding=\"async\" class=\"alignnone wp-image-6286\" src=\"https:\/\/pmi.tech\/wp-content\/uploads\/2024\/04\/pmi-pay-out.png\" alt=\"\" width=\"30\" height=\"30\" \/>Pagamentos internacionais<\/a><\/li>\n<li><a href=\"https:\/\/pmi.tech\/pt\/saas\/\"><img loading=\"lazy\" decoding=\"async\" class=\"alignnone wp-image-6284\" src=\"https:\/\/pmi.tech\/wp-content\/uploads\/2024\/04\/pmi-saas.png\" alt=\"\" width=\"30\" height=\"30\" \/>Software ERP<\/a><\/li>\n<\/ul>\n <\/div>\n<div class=\"wpb_text_column wpb_content_element  vc_custom_1717101062118\" >\n\t<div class=\"wpb_wrapper\">\n\t\t<h3>Cliente<\/h3>\n\t<\/div>\n<\/div>\n\n\n\n<div class=\"divider-wrap\" data-alignment=\"default\"><div style=\"height: 20px;\" class=\"divider\"><\/div><\/div><div class=\"img-with-aniamtion-wrap  custom-size\" data-max-width=\"100%\" data-max-width-mobile=\"default\" data-shadow=\"none\" data-animation=\"none\" >\n      <div class=\"inner\">\n        <div class=\"hover-wrap\"> \n          <div class=\"hover-wrap-inner\">\n            <img loading=\"lazy\" decoding=\"async\" class=\"img-with-animation skip-lazy\" data-delay=\"0\" height=\"117\" width=\"180\" data-animation=\"none\" src=\"https:\/\/pmi.tech\/wp-content\/uploads\/2024\/05\/Logo-iad-1.svg\" alt=\"\"  \/>\n          <\/div>\n        <\/div>\n      <\/div>\n    <\/div>\n\t\t\t<\/div> \n\t\t<\/div>\n\t<\/div> \n<\/div><\/div>\n\t\t<div id=\"fws_69eba7dd87794\"  data-column-margin=\"default\" data-midnight=\"dark\" data-top-percent=\"3%\" data-bottom-percent=\"3%\"  class=\"wpb_row vc_row-fluid vc_row full-width-section\"  style=\"padding-top: calc(100vw * 0.03); padding-bottom: calc(100vw * 0.03); \"><div class=\"row-bg-wrap\" data-bg-animation=\"none\" data-bg-animation-delay=\"\" data-bg-overlay=\"false\"><div class=\"inner-wrap row-bg-layer\" ><div class=\"row-bg viewport-desktop using-bg-color\"  style=\"background-color: #ffffff; \"><\/div><\/div><\/div><div class=\"row_col_wrap_12 col span_12 dark left\">\n\t<div  class=\"vc_col-sm-6 vc_col-xs-6 wpb_column column_container vc_column_container col nectar-sticky-column no-extra-padding inherit_tablet inherit_phone\"  data-padding-pos=\"all\" data-has-bg-color=\"false\" data-bg-color=\"\" data-bg-opacity=\"1\" data-animation=\"\" data-delay=\"0\" >\n\t\t<div class=\"vc_column-inner\" >\n\t\t\t<div class=\"wpb_wrapper\">\n\t\t\t\t<div class=\"img-with-aniamtion-wrap\" data-max-width=\"100%\" data-max-width-mobile=\"default\" data-shadow=\"none\" data-animation=\"none\" >\n      <div class=\"inner\">\n        <div class=\"hover-wrap\"> \n          <div class=\"hover-wrap-inner\">\n            <img loading=\"lazy\" decoding=\"async\" class=\"img-with-animation skip-lazy\" data-delay=\"0\" height=\"539\" width=\"568\" data-animation=\"none\" src=\"https:\/\/pmi.tech\/wp-content\/uploads\/2024\/05\/pmi-casos-de-exito-image-1.jpg\" alt=\"\" srcset=\"https:\/\/pmi.tech\/wp-content\/uploads\/2024\/05\/pmi-casos-de-exito-image-1.jpg 568w, https:\/\/pmi.tech\/wp-content\/uploads\/2024\/05\/pmi-casos-de-exito-image-1-300x285.jpg 300w\" sizes=\"(max-width: 568px) 100vw, 568px\" \/>\n          <\/div>\n        <\/div>\n      <\/div>\n    <\/div>\n\t\t\t<\/div> \n\t\t<\/div>\n\t<\/div> \n\n\t<div  class=\"vc_col-sm-6 vc_col-xs-6 wpb_column column_container vc_column_container col no-extra-padding inherit_tablet inherit_phone\"  data-padding-pos=\"all\" data-has-bg-color=\"false\" data-bg-color=\"\" data-bg-opacity=\"1\" data-animation=\"\" data-delay=\"0\" >\n\t\t<div class=\"vc_column-inner\" >\n\t\t\t<div class=\"wpb_wrapper\">\n\t\t\t\t\n<div class=\"wpb_text_column wpb_content_element\" >\n\t<div class=\"wpb_wrapper\">\n\t\t<h3><strong>Solu\u00e7\u00e3o proposta e implementa\u00e7\u00e3o<\/strong><\/h3>\n\t<\/div>\n<\/div>\n\n\n\n\n<div class=\"wpb_text_column wpb_content_element  vc_custom_1717771711067\" >\n\t<div class=\"wpb_wrapper\">\n\t\t<p>Depois de uma an\u00e1lise minuciosa dos sistemas internos de faturamento e cobran\u00e7a do cliente, a PMI n\u00e3o apenas abordou esses desafios, mas tamb\u00e9m transformou a maneira como a empresa lidava com os desafios do setor, como a sincroniza\u00e7\u00e3o entre as \u00e1reas e o controle efetivo para incentivar a conformidade e o controle de pagamentos em uma base de clientes diversificada.<\/p>\n<p>A solu\u00e7\u00e3o proposta pela PMI analisou um extenso feedback das equipes de vendas e de contabilidade que contribuiu para a cria\u00e7\u00e3o de uma solu\u00e7\u00e3o de faturamento simplificada e f\u00e1cil de entender para sua equipe de vendas com mais de 100 funcion\u00e1rios; e nas cobran\u00e7as, a PMI, por meio de sua rede de fornecedores, disponibilizou v\u00e1rias op\u00e7\u00f5es de pagamento, incluindo cart\u00f5es, transfer\u00eancias banc\u00e1rias e, o mais importante, pagamentos em dinheiro em todos os 50 estados, nas principais redes de farm\u00e1cias, supermercados, lojas de conveni\u00eancia e outros.<\/p>\n\t<\/div>\n<\/div>\n\n\n\n<div class=\"divider-wrap\" data-alignment=\"default\"><div style=\"height: 30px;\" class=\"divider\"><\/div><\/div><a class=\"nectar-button large regular accent-color  regular-button\"  role=\"button\" style=\"\"  href=\"https:\/\/pmi.tech\/pt\/soporte\/\" data-color-override=\"false\" data-hover-color-override=\"false\" data-hover-text-color-override=\"#fff\"><span>Entre em contato conosco em<\/span><\/a>\n\t\t\t<\/div> \n\t\t<\/div>\n\t<\/div> \n<\/div><\/div>\n\t\t<div id=\"fws_69eba7dd88f1f\"  data-column-margin=\"default\" data-midnight=\"dark\" data-top-percent=\"3%\" data-bottom-percent=\"3%\"  class=\"wpb_row vc_row-fluid vc_row full-width-section\"  style=\"padding-top: calc(100vw * 0.03); padding-bottom: calc(100vw * 0.03); \"><div class=\"row-bg-wrap\" data-bg-animation=\"none\" data-bg-animation-delay=\"\" data-bg-overlay=\"false\"><div class=\"inner-wrap row-bg-layer\" ><div class=\"row-bg viewport-desktop using-bg-color\"  style=\"background-color: #ffffff; \"><\/div><\/div><\/div><div class=\"row_col_wrap_12 col span_12 dark left\">\n\t<div  class=\"vc_col-sm-6 vc_col-xs-6 wpb_column column_container vc_column_container col nectar-sticky-column no-extra-padding inherit_tablet inherit_phone\"  data-padding-pos=\"all\" data-has-bg-color=\"false\" data-bg-color=\"\" data-bg-opacity=\"1\" data-animation=\"\" data-delay=\"0\" >\n\t\t<div class=\"vc_column-inner\" >\n\t\t\t<div class=\"wpb_wrapper\">\n\t\t\t\t\n<div class=\"wpb_text_column wpb_content_element\" >\n\t<div class=\"wpb_wrapper\">\n\t\t<h3><strong>Transforma\u00e7\u00e3o dos m\u00e9todos de pagamento e das solu\u00e7\u00f5es tecnol\u00f3gicas<\/strong><\/h3>\n\t<\/div>\n<\/div>\n\n\n\n\n<div class=\"wpb_text_column wpb_content_element  vc_custom_1717771756753\" >\n\t<div class=\"wpb_wrapper\">\n\t\t<p>A PMI implementou uma solu\u00e7\u00e3o abrangente que diversificou os m\u00e9todos de pagamento e automatizou os processos financeiros. Isso incluiu v\u00e1rias op\u00e7\u00f5es de pagamento, como cart\u00f5es, transfer\u00eancias banc\u00e1rias e pagamentos em dinheiro nas principais redes de farm\u00e1cias, supermercados e lojas de conveni\u00eancia em todos os estados. A tecnologia da PMI possibilitou processos automatizados e estabeleceu um controle efetivo sobre os pagamentos e a carteira.<\/p>\n\t<\/div>\n<\/div>\n\n\n\n\n\t\t\t<\/div> \n\t\t<\/div>\n\t<\/div> \n\n\t<div  class=\"vc_col-sm-6 vc_col-xs-6 wpb_column column_container vc_column_container col no-extra-padding inherit_tablet inherit_phone\"  data-padding-pos=\"all\" data-has-bg-color=\"false\" data-bg-color=\"\" data-bg-opacity=\"1\" data-animation=\"\" data-delay=\"0\" >\n\t\t<div class=\"vc_column-inner\" >\n\t\t\t<div class=\"wpb_wrapper\">\n\t\t\t\t<div class=\"img-with-aniamtion-wrap\" data-max-width=\"100%\" data-max-width-mobile=\"default\" data-shadow=\"none\" data-animation=\"none\" >\n      <div class=\"inner\">\n        <div class=\"hover-wrap\"> \n          <div class=\"hover-wrap-inner\">\n            <img loading=\"lazy\" decoding=\"async\" class=\"img-with-animation skip-lazy\" data-delay=\"0\" height=\"539\" width=\"568\" data-animation=\"none\" src=\"https:\/\/pmi.tech\/wp-content\/uploads\/2024\/05\/pmi-casos-de-exito-image-2.jpg\" alt=\"\" srcset=\"https:\/\/pmi.tech\/wp-content\/uploads\/2024\/05\/pmi-casos-de-exito-image-2.jpg 568w, https:\/\/pmi.tech\/wp-content\/uploads\/2024\/05\/pmi-casos-de-exito-image-2-300x285.jpg 300w\" sizes=\"(max-width: 568px) 100vw, 568px\" \/>\n          <\/div>\n        <\/div>\n      <\/div>\n    <\/div>\n\t\t\t<\/div> \n\t\t<\/div>\n\t<\/div> \n<\/div><\/div>\n\t\t<div id=\"fws_69eba7dd8a386\"  data-column-margin=\"default\" data-midnight=\"dark\" data-top-percent=\"3%\" data-bottom-percent=\"3%\"  class=\"wpb_row vc_row-fluid vc_row full-width-section\"  style=\"padding-top: calc(100vw * 0.03); padding-bottom: calc(100vw * 0.03); \"><div class=\"row-bg-wrap\" data-bg-animation=\"none\" data-bg-animation-delay=\"\" data-bg-overlay=\"false\"><div class=\"inner-wrap row-bg-layer\" ><div class=\"row-bg viewport-desktop using-bg-color\"  style=\"background-color: #ffffff; \"><\/div><\/div><\/div><div class=\"row_col_wrap_12 col span_12 dark left\">\n\t<div  class=\"vc_col-sm-12 vc_col-xs-6 wpb_column column_container vc_column_container col nectar-sticky-column no-extra-padding inherit_tablet inherit_phone\"  data-padding-pos=\"all\" data-has-bg-color=\"false\" data-bg-color=\"\" data-bg-opacity=\"1\" data-animation=\"\" data-delay=\"0\" >\n\t\t<div class=\"vc_column-inner\" >\n\t\t\t<div class=\"wpb_wrapper\">\n\t\t\t\t\n<div class=\"wpb_text_column wpb_content_element\" >\n\t<div class=\"wpb_wrapper\">\n\t\t<h3><strong>Melhorar a experi\u00eancia do cliente<\/strong><\/h3>\n\t<\/div>\n<\/div>\n\n\n\n\n<div class=\"wpb_text_column wpb_content_element  vc_custom_1717771799020\" >\n\t<div class=\"wpb_wrapper\">\n\t\t<p>A automa\u00e7\u00e3o de processos melhorou a efici\u00eancia interna e a experi\u00eancia do cliente. A implementa\u00e7\u00e3o de planos de pagamento personalizados, inclu\u00eddos automaticamente nas faturas, proporcionou uma experi\u00eancia mais transparente e simples para os clientes, incentivando o cumprimento dos pagamentos. A capacidade de oferecer links de pagamento por e-mail ou telefone facilitou o acesso a uma variedade de plataformas de pagamento, incluindo d\u00e9bito, cr\u00e9dito, dinheiro, Apple Pay ou Samsung Pay e transfer\u00eancias ACH.<\/p>\n\t<\/div>\n<\/div>\n\n\n\n\n\t\t\t<\/div> \n\t\t<\/div>\n\t<\/div> \n<\/div><\/div>\n\t\t<div id=\"fws_69eba7dd8adbd\"  data-column-margin=\"default\" data-midnight=\"dark\" data-top-percent=\"8%\" data-bottom-percent=\"8%\"  class=\"wpb_row vc_row-fluid vc_row full-width-section\"  style=\"padding-top: calc(100vw * 0.08); padding-bottom: calc(100vw * 0.08); \"><div class=\"row-bg-wrap\" data-bg-animation=\"none\" data-bg-animation-delay=\"\" data-bg-overlay=\"false\"><div class=\"inner-wrap row-bg-layer\" ><div class=\"row-bg viewport-desktop\"  style=\"\"><\/div><\/div><\/div><div class=\"row_col_wrap_12 col span_12 dark left\">\n\t<div  class=\"vc_col-sm-12 wpb_column column_container vc_column_container col no-extra-padding inherit_tablet inherit_phone\"  data-padding-pos=\"all\" data-has-bg-color=\"false\" data-bg-color=\"\" data-bg-opacity=\"1\" data-animation=\"\" data-delay=\"0\" >\n\t\t<div class=\"vc_column-inner\" >\n\t\t\t<div class=\"wpb_wrapper\">\n\t\t\t\t<div id=\"fws_69eba7dd8b3a2\" data-midnight=\"\" data-column-margin=\"default\" class=\"wpb_row vc_row-fluid vc_row inner_row\"  style=\"padding-top: 20px; \"><div class=\"row-bg-wrap\"> <div class=\"row-bg\" ><\/div> <\/div><div class=\"row_col_wrap_12_inner col span_12  left\">\n\t<div  class=\"vc_col-sm-6 wpb_column column_container vc_column_container col child_column has-animation padding-2-percent inherit_tablet inherit_phone\"   data-padding-pos=\"top-bottom\" data-has-bg-color=\"false\" data-bg-color=\"\" data-bg-opacity=\"1\" data-animation=\"fade-in-from-bottom\" data-delay=\"0\" >\n\t\t<div class=\"vc_column-inner\" >\n\t\t<div class=\"wpb_wrapper\">\n\t\t\t\n<div class=\"wpb_text_column wpb_content_element\" >\n\t<div class=\"wpb_wrapper\">\n\t\t<h3><strong>Resultados e benef\u00edcios<\/strong><\/h3>\n\t<\/div>\n<\/div>\n\n\n\n<p style=\"color: rgba(10,10,10,0.65);text-align: left\" class=\"vc_custom_heading vc_custom_1717771857185\" >A implementa\u00e7\u00e3o do PMI no IAD n\u00e3o apenas diversificou os m\u00e9todos de pagamento dispon\u00edveis, mas tamb\u00e9m simplificou a experi\u00eancia do cliente, otimizou o gerenciamento de dados financeiros e fortaleceu a conex\u00e3o entre o portf\u00f3lio e as \u00e1reas de vendas. A centraliza\u00e7\u00e3o das informa\u00e7\u00f5es e a automa\u00e7\u00e3o dos processos contribu\u00edram significativamente para a efici\u00eancia operacional e o controle abrangente dos pagamentos e da carteira.<\/p>\n<p>A colabora\u00e7\u00e3o com a PMI transformou o gerenciamento de faturamento e cobran\u00e7a na IAD, fornecendo solu\u00e7\u00f5es tecnol\u00f3gicas avan\u00e7adas e melhorando a experi\u00eancia do cliente. Essa implementa\u00e7\u00e3o n\u00e3o apenas resolveu os desafios existentes, mas tamb\u00e9m preparou a empresa para enfrentar as futuras demandas do mercado de forma eficiente e eficaz.<\/p>\n\t\t<\/div> \n\t<\/div>\n\t<\/div> \n\n\t<div  class=\"vc_col-sm-6 wpb_column column_container vc_column_container col child_column has-animation padding-2-percent inherit_tablet inherit_phone\"   data-padding-pos=\"top-bottom\" data-has-bg-color=\"false\" data-bg-color=\"\" data-bg-opacity=\"1\" data-animation=\"fade-in-from-bottom\" data-delay=\"100\" >\n\t\t<div class=\"vc_column-inner\" >\n\t\t<div class=\"wpb_wrapper\">\n\t\t\t\n<div class=\"wpb_text_column wpb_content_element\" >\n\t<div class=\"wpb_wrapper\">\n\t\t<h3>Nossa equipe<\/h3>\n\t<\/div>\n<\/div>\n\n\n\n<p style=\"color: rgba(10,10,10,0.65);text-align: left\" class=\"vc_custom_heading vc_custom_1717118057818\" >Quando sua miss\u00e3o \u00e9 tornar-se mais \u00e1gil e competitivo nos mercados locais, voc\u00ea precisa de uma equipe para apoiar sua vis\u00e3o.<br \/>\nA PMI o ajudar\u00e1 a desenvolver estrat\u00e9gias de pagamento para atingir seus objetivos comerciais e superar as expectativas de seus clientes.<\/p>\n<div class=\"wpb_text_column wpb_content_element\" >\n\t<div class=\"wpb_wrapper\">\n\t\t<h3>N\u00e3o espere mais! Agende uma consultoria hoje mesmo.<\/h3>\n\t<\/div>\n<\/div>\n\n\n\n<p style=\"color: rgba(10,10,10,0.65);text-align: left\" class=\"vc_custom_heading vc_custom_1717118204633\" >Entre em contato com nossa equipe de desenvolvimento de neg\u00f3cios para se juntar ao PMI Business e levar sua empresa ao pr\u00f3ximo n\u00edvel com nossas solu\u00e7\u00f5es de pagamento local.<\/p><a class=\"nectar-button large regular accent-color  regular-button\"  role=\"button\" style=\"\"  href=\"https:\/\/pmi.tech\/pt\/#demo\" data-color-override=\"false\" data-hover-color-override=\"false\" data-hover-text-color-override=\"#fff\"><span>Entre em contato conosco em<\/span><\/a>\n\t\t<\/div> \n\t<\/div>\n\t<\/div> \n<\/div><\/div>\n\t\t\t<\/div> \n\t\t<\/div>\n\t<\/div> \n<\/div><\/div>","protected":false},"excerpt":{"rendered":"Sobre a empresa A IAD \u00e9 uma empresa que oferece consultoria jur\u00eddica com foco na comunidade...","protected":false},"author":1,"featured_media":0,"parent":0,"menu_order":0,"comment_status":"closed","ping_status":"closed","template":"","meta":{"footnotes":""},"class_list":["post-6834","page","type-page","status-publish"],"_links":{"self":[{"href":"https:\/\/pmi.tech\/pt\/wp-json\/wp\/v2\/pages\/6834"}],"collection":[{"href":"https:\/\/pmi.tech\/pt\/wp-json\/wp\/v2\/pages"}],"about":[{"href":"https:\/\/pmi.tech\/pt\/wp-json\/wp\/v2\/types\/page"}],"author":[{"embeddable":true,"href":"https:\/\/pmi.tech\/pt\/wp-json\/wp\/v2\/users\/1"}],"replies":[{"embeddable":true,"href":"https:\/\/pmi.tech\/pt\/wp-json\/wp\/v2\/comments?post=6834"}],"version-history":[{"count":23,"href":"https:\/\/pmi.tech\/pt\/wp-json\/wp\/v2\/pages\/6834\/revisions"}],"predecessor-version":[{"id":7190,"href":"https:\/\/pmi.tech\/pt\/wp-json\/wp\/v2\/pages\/6834\/revisions\/7190"}],"wp:attachment":[{"href":"https:\/\/pmi.tech\/pt\/wp-json\/wp\/v2\/media?parent=6834"}],"curies":[{"name":"wp","href":"https:\/\/api.w.org\/{rel}","templated":true}]}}