{"id":7160,"date":"2025-01-27T14:55:14","date_gmt":"2025-01-27T14:55:14","guid":{"rendered":"https:\/\/pmi.tech\/?page_id=7160"},"modified":"2025-02-27T16:04:51","modified_gmt":"2025-02-27T16:04:51","slug":"pagos-de-mexico-a-china","status":"publish","type":"page","link":"https:\/\/pmi.tech\/pt\/pagos-de-mexico-a-china\/","title":{"rendered":"Pagos de M\u00e9xico a China"},"content":{"rendered":"<div id=\"fws_69e084f64dba2\"  data-column-margin=\"default\" data-midnight=\"light\" data-top-percent=\"13%\" data-bottom-percent=\"13%\"  class=\"wpb_row vc_row-fluid vc_row full-width-section parallax_section\"  style=\"padding-top: calc(100vw * 0.13); padding-bottom: calc(100vw * 0.13); \"><div class=\"row-bg-wrap\" data-bg-animation=\"none\" data-bg-animation-delay=\"\" data-bg-overlay=\"true\"><div class=\"inner-wrap row-bg-layer using-image\" ><div class=\"row-bg viewport-desktop using-image using-bg-color\" data-parallax-speed=\"fast\" style=\"background-image: url(https:\/\/pmi.tech\/wp-content\/uploads\/2025\/01\/historic-buildings-nanchang-1-scaled.jpg); background-position: left top; background-repeat: no-repeat; background-color: #ffffff; \"><\/div><\/div><div class=\"row-bg-overlay row-bg-layer\" style=\"background: #0a0a0a; background: linear-gradient(to bottom,#0a0a0a 0%,#002864 100%);  opacity: 0.5; \"><\/div><\/div>\n\t\t\t<div class=\"video-color-overlay row-bg-layer\" data-color=\"\"><\/div>\n\t\t\t\n\t\t\t<div class=\"nectar-video-wrap row-bg-layer\" data-bg-alignment=\"left top\">\n\t\t\t\t<div class=\"nectar-video-inner\">\n\t\t\t\t<video class=\"nectar-video-bg\" width=\"1800\" height=\"700\" preload=\"auto\" loop autoplay muted playsinline><\/video>    \t\t<\/div>\n\t\t\t <\/div>\n\n\t\t\t<div class=\"nectar-shape-divider-wrap\" style=\" height:200px;\"  data-height=\"200\" data-front=\"\" data-style=\"tilt_alt\" data-position=\"bottom\" ><svg class=\"nectar-shape-divider\" aria-hidden=\"true\" fill=\"#ffffff\" xmlns=\"http:\/\/www.w3.org\/2000\/svg\" viewbox=\"0 0 100 10\" preserveaspectratio=\"none\"> <polygon points=\"100 10 100 0 -4 10\"><\/polygon> <\/svg><\/div><div class=\"row_col_wrap_12 col span_12 light left\">\n\t<div style=\"margin-top: 27px; \" class=\"vc_col-sm-6 wpb_column column_container vc_column_container col no-extra-padding inherit_tablet inherit_phone\"  data-padding-pos=\"all\" data-has-bg-color=\"false\" data-bg-color=\"\" data-bg-opacity=\"1\" data-animation=\"\" data-delay=\"0\" >\n\t\t<div class=\"vc_column-inner\" >\n\t\t\t<div class=\"wpb_wrapper\">\n\t\t\t\t<div class=\"nectar-split-heading\" data-align=\"default\" data-m-align=\"inherit\" data-text-effect=\"default\" data-animation-type=\"default\" data-animation-delay=\"0\" data-animation-offset=\"\" data-m-rm-animation=\"\" data-stagger=\"\" data-custom-font-size=\"false\" data-has-fit-text=\"true\" ><div class=\"heading-line\" > <div><h3><strong>Caso de uso: Dispers\u00e3o de <\/strong><\/h3> <\/div> <\/div><div class=\"heading-line\" > <div><h3><strong>Pagamentos do M\u00e9xico <\/strong><strong>para a China com o PMI<\/strong><\/h3> <\/div> <\/div><div class=\"heading-line\" > <div><p>De longas esperas e altos custos a pagamentos internacionais em apenas algumas horas. Descubra como uma empresa no M\u00e9xico otimizou suas transfer\u00eancias para a China com a PMI, reduzindo o tempo de 2 semanas para apenas 5 horas e melhorando sua efici\u00eancia financeira. <\/div> <\/div><\/div><a class=\"nectar-button large regular accent-color  regular-button\"  role=\"button\" style=\"\"  href=\"https:\/\/pmi.tech\/pt\/#contacto\" data-color-override=\"false\" data-hover-color-override=\"false\" data-hover-text-color-override=\"#fff\"><span>Entre em contato conosco em<\/span><\/a><div id=\"fws_69e084f64f284\" data-midnight=\"\" data-column-margin=\"default\" class=\"wpb_row vc_row-fluid vc_row inner_row\"  style=\"\"><div class=\"row-bg-wrap\"> <div class=\"row-bg\" ><\/div> <\/div><div class=\"row_col_wrap_12_inner col span_12  left\">\n\t<div  class=\"vc_col-sm-10 wpb_column column_container vc_column_container col child_column has-animation no-extra-padding inherit_tablet inherit_phone\"   data-padding-pos=\"all\" data-has-bg-color=\"false\" data-bg-color=\"\" data-bg-opacity=\"1\" data-animation=\"fade-in-from-bottom\" data-delay=\"300\" >\n\t\t<div class=\"vc_column-inner\" >\n\t\t<div class=\"wpb_wrapper\">\n\t\t\t\n\t\t<\/div> \n\t<\/div>\n\t<\/div> \n\n\t<div  class=\"vc_col-sm-2 wpb_column column_container vc_column_container col child_column no-extra-padding inherit_tablet inherit_phone\"   data-padding-pos=\"all\" data-has-bg-color=\"false\" data-bg-color=\"\" data-bg-opacity=\"1\" data-animation=\"\" data-delay=\"0\" >\n\t\t<div class=\"vc_column-inner\" >\n\t\t<div class=\"wpb_wrapper\">\n\t\t\t\n\t\t<\/div> \n\t<\/div>\n\t<\/div> \n<\/div><\/div>\n\t\t\t<\/div> \n\t\t<\/div>\n\t<\/div> \n\n\t<div  class=\"vc_col-sm-6 wpb_column column_container vc_column_container col no-extra-padding inherit_tablet inherit_phone\"  data-padding-pos=\"all\" data-has-bg-color=\"false\" data-bg-color=\"\" data-bg-opacity=\"1\" data-animation=\"\" data-delay=\"0\" >\n\t\t<div class=\"vc_column-inner\" >\n\t\t\t<div class=\"wpb_wrapper\">\n\t\t\t\t\n\t\t\t<\/div> \n\t\t<\/div>\n\t<\/div> \n<\/div><\/div>\n\t\t<div id=\"fws_69e084f650e80\"  data-column-margin=\"default\" data-midnight=\"dark\" data-top-percent=\"4%\"  class=\"wpb_row vc_row-fluid vc_row full-width-section\"  style=\"padding-top: calc(100vw * 0.04); padding-bottom: 3px; \"><div class=\"row-bg-wrap\" data-bg-animation=\"none\" data-bg-animation-delay=\"\" data-bg-overlay=\"false\"><div class=\"inner-wrap row-bg-layer\" ><div class=\"row-bg viewport-desktop using-bg-color\"  style=\"background-color: #ffffff; \"><\/div><\/div><\/div><div class=\"row_col_wrap_12 col span_12 dark left\">\n\t<div  class=\"vc_col-sm-7 vc_col-xs-6 wpb_column column_container vc_column_container col nectar-sticky-column no-extra-padding inherit_tablet inherit_phone\"  data-padding-pos=\"all\" data-has-bg-color=\"false\" data-bg-color=\"\" data-bg-opacity=\"1\" data-animation=\"\" data-delay=\"0\" >\n\t\t<div class=\"vc_column-inner\" >\n\t\t\t<div class=\"wpb_wrapper\">\n\t\t\t\t\n<div class=\"wpb_text_column wpb_content_element\" >\n\t<div class=\"wpb_wrapper\">\n\t\t<h3><strong>Contexto e desafios do cliente<\/strong><\/h3>\n\t<\/div>\n<\/div>\n\n\n\n\n<div class=\"wpb_text_column wpb_content_element  vc_custom_1740671814068\" >\n\t<div class=\"wpb_wrapper\">\n\t\t<p>Uma empresa com opera\u00e7\u00f5es no M\u00e9xico teve dificuldades para efetuar pagamentos a fornecedores na China. Seus principais obst\u00e1culos inclu\u00edam:<\/p>\n<ul>\n<li><strong>Atrasos excessivos:<\/strong> As transfer\u00eancias podem levar at\u00e9 duas semanas para serem conclu\u00eddas.<\/li>\n<li><strong>Custos elevados:<\/strong> Tarifas altas, incluindo uma taxa de c\u00e2mbio n\u00e3o razo\u00e1vel.<\/li>\n<li><strong>Rejei\u00e7\u00f5es banc\u00e1rias:<\/strong> Seu banco tradicional n\u00e3o estava aceitando pagamentos para a China devido a problemas com seus correspondentes.<\/li>\n<\/ul>\n<p>A empresa fazia pagamentos di\u00e1rios que variavam de <strong>200.000 e 500.000 d\u00f3lares<\/strong> e precisava de uma solu\u00e7\u00e3o \u00e1gil e confi\u00e1vel para otimizar seu fluxo de pagamentos internacionais e n\u00e3o afetar a reputa\u00e7\u00e3o com seus fornecedores.<\/p>\n\t<\/div>\n<\/div>\n\n\n\n<div class=\"divider-wrap\" data-alignment=\"default\"><div style=\"height: 50px;\" class=\"divider\"><\/div><\/div>\n<div class=\"wpb_text_column wpb_content_element\" >\n\t<div class=\"wpb_wrapper\">\n\t\t<h3><strong>Solu\u00e7\u00e3o implementada com o PMI<\/strong><\/h3>\n\t<\/div>\n<\/div>\n\n\n\n\n<div class=\"wpb_text_column wpb_content_element  vc_custom_1740672228035\" >\n\t<div class=\"wpb_wrapper\">\n\t\t<p>A PMI demonstrou, por meio de testes, uma solu\u00e7\u00e3o sem esses atritos, permitindo que a empresa<\/p>\n<ul>\n<li><strong>Otimize os tempos:<\/strong> Redu\u00e7\u00e3o dos atrasos para apenas <strong>5 horas<\/strong> por transa\u00e7\u00e3o.<\/li>\n<li><strong>Elimine as rejei\u00e7\u00f5es:<\/strong> Implementa\u00e7\u00e3o de um processo de <strong>due diligence <\/strong>Foi obtida uma aceita\u00e7\u00e3o robusta de pagamentos de ponta a ponta por meio dos correspondentes da PMI.<\/li>\n<li><strong>Correspondentes confi\u00e1veis:<\/strong> Os correspondentes com conhecimento e experi\u00eancia comprovados nas jurisdi\u00e7\u00f5es para as quais os pagamentos s\u00e3o enviados contribuem para um processo tranquilo e sem surpresas.<\/li>\n<\/ul>\n\t<\/div>\n<\/div>\n\n\n\n\n\t\t\t<\/div> \n\t\t<\/div>\n\t<\/div> \n\n\t<div  class=\"vc_col-sm-2 vc_col-xs-6 wpb_column column_container vc_column_container col no-extra-padding inherit_tablet inherit_phone\"  data-padding-pos=\"all\" data-has-bg-color=\"false\" data-bg-color=\"\" data-bg-opacity=\"1\" data-animation=\"\" data-delay=\"0\" >\n\t\t<div class=\"vc_column-inner\" >\n\t\t\t<div class=\"wpb_wrapper\">\n\t\t\t\t\n\t\t\t<\/div> \n\t\t<\/div>\n\t<\/div> \n\n\t<div  class=\"vc_col-sm-3 wpb_column column_container vc_column_container col nectar-sticky-column no-extra-padding inherit_tablet inherit_phone\"  data-padding-pos=\"all\" data-has-bg-color=\"false\" data-bg-color=\"\" data-bg-opacity=\"1\" data-animation=\"\" data-delay=\"0\" >\n\t\t<div class=\"vc_column-inner\" >\n\t\t\t<div class=\"wpb_wrapper\">\n\t\t\t\t\n<div class=\"wpb_text_column wpb_content_element  vc_custom_1717771215868\" >\n\t<div class=\"wpb_wrapper\">\n\t\t<h3>Solu\u00e7\u00f5es utilizadas<\/h3>\n\t<\/div>\n<\/div>\n\n\n\n<div class=\"nectar-fancy-ul\" data-list-icon=\"none\" data-animation=\"false\" data-animation-delay=\"0\" data-color=\"accent-color\" data-spacing=\"default\" data-alignment=\"left\"> \n<ul>\n<li><a href=\"https:\/\/pmi.tech\/pt\/cross-border-payments\/\"><img loading=\"lazy\" decoding=\"async\" class=\"alignnone wp-image-6286\" src=\"https:\/\/pmi.tech\/wp-content\/uploads\/2024\/04\/pmi-pay-out.png\" alt=\"\" width=\"30\" height=\"30\" \/>Pagamentos internacionais<\/a><\/li>\n<\/ul>\n <\/div>\n\t\t\t<\/div> \n\t\t<\/div>\n\t<\/div> \n<\/div><\/div>\n\t\t<div id=\"fws_69e084f6535ba\"  data-column-margin=\"default\" data-midnight=\"dark\" data-top-percent=\"3%\" data-bottom-percent=\"3%\"  class=\"wpb_row vc_row-fluid vc_row full-width-section\"  style=\"padding-top: calc(100vw * 0.03); padding-bottom: calc(100vw * 0.03); \"><div class=\"row-bg-wrap\" data-bg-animation=\"none\" data-bg-animation-delay=\"\" data-bg-overlay=\"false\"><div class=\"inner-wrap row-bg-layer\" ><div class=\"row-bg viewport-desktop using-bg-color\"  style=\"background-color: #ffffff; \"><\/div><\/div><\/div><div class=\"row_col_wrap_12 col span_12 dark left\">\n\t<div  class=\"vc_col-sm-6 vc_col-xs-6 wpb_column column_container vc_column_container col nectar-sticky-column no-extra-padding inherit_tablet inherit_phone\"  data-padding-pos=\"all\" data-has-bg-color=\"false\" data-bg-color=\"\" data-bg-opacity=\"1\" data-animation=\"\" data-delay=\"0\" >\n\t\t<div class=\"vc_column-inner\" >\n\t\t\t<div class=\"wpb_wrapper\">\n\t\t\t\t<div class=\"img-with-aniamtion-wrap\" data-max-width=\"100%\" data-max-width-mobile=\"default\" data-shadow=\"none\" data-animation=\"none\" >\n      <div class=\"inner\">\n        <div class=\"hover-wrap\"> \n          <div class=\"hover-wrap-inner\">\n            <img loading=\"lazy\" decoding=\"async\" class=\"img-with-animation skip-lazy\" data-delay=\"0\" height=\"1957\" width=\"2560\" data-animation=\"none\" src=\"https:\/\/pmi.tech\/wp-content\/uploads\/2025\/01\/pos-credit-card-settlement-instead-cash-settlement-1-scaled.jpg\" alt=\"\" srcset=\"https:\/\/pmi.tech\/wp-content\/uploads\/2025\/01\/pos-credit-card-settlement-instead-cash-settlement-1-scaled.jpg 2560w, https:\/\/pmi.tech\/wp-content\/uploads\/2025\/01\/pos-credit-card-settlement-instead-cash-settlement-1-300x229.jpg 300w, https:\/\/pmi.tech\/wp-content\/uploads\/2025\/01\/pos-credit-card-settlement-instead-cash-settlement-1-1024x783.jpg 1024w, https:\/\/pmi.tech\/wp-content\/uploads\/2025\/01\/pos-credit-card-settlement-instead-cash-settlement-1-768x587.jpg 768w, https:\/\/pmi.tech\/wp-content\/uploads\/2025\/01\/pos-credit-card-settlement-instead-cash-settlement-1-1536x1174.jpg 1536w, https:\/\/pmi.tech\/wp-content\/uploads\/2025\/01\/pos-credit-card-settlement-instead-cash-settlement-1-2048x1566.jpg 2048w, https:\/\/pmi.tech\/wp-content\/uploads\/2025\/01\/pos-credit-card-settlement-instead-cash-settlement-1-16x12.jpg 16w\" sizes=\"(max-width: 2560px) 100vw, 2560px\" \/>\n          <\/div>\n        <\/div>\n      <\/div>\n    <\/div>\n\t\t\t<\/div> \n\t\t<\/div>\n\t<\/div> \n\n\t<div  class=\"vc_col-sm-6 vc_col-xs-6 wpb_column column_container vc_column_container col no-extra-padding inherit_tablet inherit_phone\"  data-padding-pos=\"all\" data-has-bg-color=\"false\" data-bg-color=\"\" data-bg-opacity=\"1\" data-animation=\"\" data-delay=\"0\" >\n\t\t<div class=\"vc_column-inner\" >\n\t\t\t<div class=\"wpb_wrapper\">\n\t\t\t\t\n<div class=\"wpb_text_column wpb_content_element\" >\n\t<div class=\"wpb_wrapper\">\n\t\t<h3><strong>Principais benef\u00edcios obtidos<\/strong><\/h3>\n\t<\/div>\n<\/div>\n\n\n\n\n<div class=\"wpb_text_column wpb_content_element  vc_custom_1737989264624\" >\n\t<div class=\"wpb_wrapper\">\n\t\t<ul>\n<li><strong>Pagamentos mais r\u00e1pidos:<\/strong> As transfer\u00eancias agora s\u00e3o conclu\u00eddas entre <strong>5 e 24 horas<\/strong>.<\/li>\n<li><strong>Redu\u00e7\u00e3o de custos:<\/strong> O PMI oferecia taxas mais competitivas em compara\u00e7\u00e3o com os bancos tradicionais.<\/li>\n<li><strong>Seguran\u00e7a cambial:<\/strong> Minimiza\u00e7\u00e3o do impacto das flutua\u00e7\u00f5es da taxa de c\u00e2mbio.<\/li>\n<li><strong>Melhoria nas rela\u00e7\u00f5es com os fornecedores:<\/strong> Aumento da confian\u00e7a e da estabilidade nas opera\u00e7\u00f5es comerciais.<\/li>\n<li><strong>Modelo de pre\u00e7os escalon\u00e1vel:<\/strong> Taxas reduzidas para transa\u00e7\u00f5es de alto volume.<\/li>\n<\/ul>\n\t<\/div>\n<\/div>\n\n\n\n<div class=\"divider-wrap\" data-alignment=\"default\"><div style=\"height: 30px;\" class=\"divider\"><\/div><\/div>\n\t\t\t<\/div> \n\t\t<\/div>\n\t<\/div> \n<\/div><\/div>\n\t\t<div id=\"fws_69e084f655158\"  data-column-margin=\"default\" data-midnight=\"dark\" data-top-percent=\"3%\" data-bottom-percent=\"3%\"  class=\"wpb_row vc_row-fluid vc_row full-width-section\"  style=\"padding-top: calc(100vw * 0.03); padding-bottom: calc(100vw * 0.03); \"><div class=\"row-bg-wrap\" data-bg-animation=\"none\" data-bg-animation-delay=\"\" data-bg-overlay=\"false\"><div class=\"inner-wrap row-bg-layer\" ><div class=\"row-bg viewport-desktop using-bg-color\"  style=\"background-color: #ffffff; \"><\/div><\/div><\/div><div class=\"row_col_wrap_12 col span_12 dark left\">\n\t<div  class=\"vc_col-sm-6 vc_col-xs-6 wpb_column column_container vc_column_container col nectar-sticky-column no-extra-padding inherit_tablet inherit_phone\"  data-padding-pos=\"all\" data-has-bg-color=\"false\" data-bg-color=\"\" data-bg-opacity=\"1\" data-animation=\"\" data-delay=\"0\" >\n\t\t<div class=\"vc_column-inner\" >\n\t\t\t<div class=\"wpb_wrapper\">\n\t\t\t\t\n<div class=\"wpb_text_column wpb_content_element\" >\n\t<div class=\"wpb_wrapper\">\n\t\t<h3>Transforme sua gest\u00e3o de pagamentos internacionais com o PMI<\/h3>\n\t<\/div>\n<\/div>\n\n\n\n\n<div class=\"wpb_text_column wpb_content_element  vc_custom_1740672287130\" >\n\t<div class=\"wpb_wrapper\">\n\t\t<p>Gra\u00e7as \u00e0 PMI, essa empresa deixou para tr\u00e1s os atrasos e os altos custos das transfer\u00eancias eletr\u00f4nicas tradicionais, obtendo pagamentos mais r\u00e1pidos, seguros e eficientes. Nossa solu\u00e7\u00e3o de dispers\u00e3o de pagamentos n\u00e3o apenas otimiza o tempo de execu\u00e7\u00e3o de suas transa\u00e7\u00f5es, mas tamb\u00e9m permite que voc\u00ea tenha acesso a taxas mais competitivas e melhore suas rela\u00e7\u00f5es comerciais.<\/p>\n<p>\u2705 <strong>Pagamentos em horas, n\u00e3o em semanas<\/strong><br \/>\n\u2705 <strong>Custos mais baixos e maior efici\u00eancia<\/strong><br \/>\n\u2705 <strong>Seguran\u00e7a e conformidade de c\u00e2mbio<\/strong><\/p>\n<p><strong>Pronto para otimizar seus pagamentos internacionais?<\/strong><br \/>\n<strong>Entre em contato conosco hoje mesmo e descubra como o PMI pode ajud\u00e1-lo.<\/strong><\/p>\n\t<\/div>\n<\/div>\n\n\n\n<div class=\"divider-wrap\" style=\"opacity: 0.06;\" data-alignment=\"default\"><div style=\"height: 25px;\" class=\"divider\"><\/div><\/div><a class=\"nectar-button large regular accent-color  regular-button\"  role=\"button\" style=\"\"  href=\"https:\/\/pmi.tech\/pt\/#contacto\" data-color-override=\"false\" data-hover-color-override=\"false\" data-hover-text-color-override=\"#fff\"><span>Entre em contato conosco em<\/span><\/a>\n\t\t\t<\/div> \n\t\t<\/div>\n\t<\/div> \n\n\t<div  class=\"vc_col-sm-6 vc_col-xs-6 wpb_column column_container vc_column_container col no-extra-padding inherit_tablet inherit_phone\"  data-padding-pos=\"all\" data-has-bg-color=\"false\" data-bg-color=\"\" data-bg-opacity=\"1\" data-animation=\"\" data-delay=\"0\" >\n\t\t<div class=\"vc_column-inner\" >\n\t\t\t<div class=\"wpb_wrapper\">\n\t\t\t\t<div class=\"img-with-aniamtion-wrap\" data-max-width=\"100%\" data-max-width-mobile=\"default\" data-shadow=\"none\" data-animation=\"none\" >\n      <div class=\"inner\">\n        <div class=\"hover-wrap\"> \n          <div class=\"hover-wrap-inner\">\n            <img loading=\"lazy\" decoding=\"async\" class=\"img-with-animation skip-lazy\" data-delay=\"0\" height=\"2465\" width=\"2560\" data-animation=\"none\" src=\"https:\/\/pmi.tech\/wp-content\/uploads\/2025\/01\/Copia-de-team-working-together-project-1-scaled.jpg\" alt=\"\" srcset=\"https:\/\/pmi.tech\/wp-content\/uploads\/2025\/01\/Copia-de-team-working-together-project-1-scaled.jpg 2560w, https:\/\/pmi.tech\/wp-content\/uploads\/2025\/01\/Copia-de-team-working-together-project-1-300x289.jpg 300w, https:\/\/pmi.tech\/wp-content\/uploads\/2025\/01\/Copia-de-team-working-together-project-1-1024x986.jpg 1024w, https:\/\/pmi.tech\/wp-content\/uploads\/2025\/01\/Copia-de-team-working-together-project-1-768x739.jpg 768w, https:\/\/pmi.tech\/wp-content\/uploads\/2025\/01\/Copia-de-team-working-together-project-1-1536x1479.jpg 1536w, https:\/\/pmi.tech\/wp-content\/uploads\/2025\/01\/Copia-de-team-working-together-project-1-2048x1972.jpg 2048w, https:\/\/pmi.tech\/wp-content\/uploads\/2025\/01\/Copia-de-team-working-together-project-1-12x12.jpg 12w\" sizes=\"(max-width: 2560px) 100vw, 2560px\" \/>\n          <\/div>\n        <\/div>\n      <\/div>\n    <\/div>\n\t\t\t<\/div> \n\t\t<\/div>\n\t<\/div> \n<\/div><\/div>","protected":false},"excerpt":{"rendered":"Caso de Uso: Dispersi\u00f3n de Pagos de M\u00e9xico a China con PMI De largas esperas...","protected":false},"author":2,"featured_media":0,"parent":0,"menu_order":0,"comment_status":"closed","ping_status":"closed","template":"","meta":{"footnotes":""},"class_list":["post-7160","page","type-page","status-publish"],"_links":{"self":[{"href":"https:\/\/pmi.tech\/pt\/wp-json\/wp\/v2\/pages\/7160"}],"collection":[{"href":"https:\/\/pmi.tech\/pt\/wp-json\/wp\/v2\/pages"}],"about":[{"href":"https:\/\/pmi.tech\/pt\/wp-json\/wp\/v2\/types\/page"}],"author":[{"embeddable":true,"href":"https:\/\/pmi.tech\/pt\/wp-json\/wp\/v2\/users\/2"}],"replies":[{"embeddable":true,"href":"https:\/\/pmi.tech\/pt\/wp-json\/wp\/v2\/comments?post=7160"}],"version-history":[{"count":7,"href":"https:\/\/pmi.tech\/pt\/wp-json\/wp\/v2\/pages\/7160\/revisions"}],"predecessor-version":[{"id":7177,"href":"https:\/\/pmi.tech\/pt\/wp-json\/wp\/v2\/pages\/7160\/revisions\/7177"}],"wp:attachment":[{"href":"https:\/\/pmi.tech\/pt\/wp-json\/wp\/v2\/media?parent=7160"}],"curies":[{"name":"wp","href":"https:\/\/api.w.org\/{rel}","templated":true}]}}